{"id":543,"date":"2025-11-14T18:54:18","date_gmt":"2025-11-14T17:54:18","guid":{"rendered":"http:\/\/jg-plastic.com\/?page_id=543"},"modified":"2025-11-14T21:23:51","modified_gmt":"2025-11-14T20:23:51","slug":"zamowienia","status":"publish","type":"page","link":"https:\/\/jg-plastic.com\/?page_id=543","title":{"rendered":"Zam\u00f3wienia i Kontakt"},"content":{"rendered":"<style id=\"wpforms-css-vars-613-block-bfec30b8-83d0-4c9d-be89-4ad34e984c7e\">\n\t\t\t\t#wpforms-613.wpforms-block-bfec30b8-83d0-4c9d-be89-4ad34e984c7e {\n\t\t\t\t--wpforms-field-size-input-height: 43px;\n--wpforms-field-size-input-spacing: 15px;\n--wpforms-field-size-font-size: 16px;\n--wpforms-field-size-line-height: 19px;\n--wpforms-field-size-padding-h: 14px;\n--wpforms-field-size-checkbox-size: 16px;\n--wpforms-field-size-sublabel-spacing: 5px;\n--wpforms-field-size-icon-size: 1;\n--wpforms-label-size-font-size: 16px;\n--wpforms-label-size-line-height: 19px;\n--wpforms-label-size-sublabel-font-size: 14px;\n--wpforms-label-size-sublabel-line-height: 17px;\n--wpforms-button-size-font-size: 17px;\n--wpforms-button-size-height: 41px;\n--wpforms-button-size-padding-h: 15px;\n--wpforms-button-size-margin-top: 10px;\n\t\t\t}\n\t\t\t<\/style><div class=\"wpforms-container wpforms-container-full wpforms-block wpforms-block-bfec30b8-83d0-4c9d-be89-4ad34e984c7e wpforms-render-modern\" id=\"wpforms-613\"><form id=\"wpforms-form-613\" class=\"wpforms-validate wpforms-form wpforms-ajax-form\" data-formid=\"613\" method=\"post\" enctype=\"multipart\/form-data\" action=\"\/index.php?rest_route=%2Fwp%2Fv2%2Fpages%2F543\" data-token=\"258a2b90e95a1cbdca3263b904bfa6dd\" data-token-time=\"1776291253\"><noscript class=\"wpforms-error-noscript\">Aby wype\u0142ni\u0107 ten formularz, w\u0142\u0105cz obs\u0142ug\u0119 JavaScript w przegl\u0105darce.<\/noscript><div id=\"wpforms-error-noscript\" style=\"display: none;\">Aby wype\u0142ni\u0107 ten formularz, w\u0142\u0105cz obs\u0142ug\u0119 JavaScript w przegl\u0105darce.<\/div><div class=\"wpforms-field-container\"><div id=\"wpforms-613-field_1-container\" class=\"wpforms-field wpforms-field-text\" data-field-id=\"1\"><label class=\"wpforms-field-label\" for=\"wpforms-613-field_1\">Nazwa firmy lub Imi\u0119 <span class=\"wpforms-required-label\" aria-hidden=\"true\">*<\/span><\/label><input type=\"text\" id=\"wpforms-613-field_1\" class=\"wpforms-field-medium wpforms-field-required\" name=\"wpforms[fields][1]\" aria-errormessage=\"wpforms-613-field_1-error\" required><\/div><div id=\"wpforms-613-field_2-container\" class=\"wpforms-field wpforms-field-email\" data-field-id=\"2\"><label class=\"wpforms-field-label\" for=\"wpforms-613-field_2\">Adres e-mail <span class=\"wpforms-required-label\" aria-hidden=\"true\">*<\/span><\/label><input type=\"email\" id=\"wpforms-613-field_2\" class=\"wpforms-field-medium wpforms-field-required\" name=\"wpforms[fields][2]\" spellcheck=\"false\" aria-errormessage=\"wpforms-613-field_2-error\" required><\/div><div id=\"wpforms-613-field_5-container\" class=\"wpforms-field wpforms-field-text\" data-field-id=\"5\"><label class=\"wpforms-field-label\" for=\"wpforms-613-field_5\">Numer kontaktowy<\/label><input type=\"text\" id=\"wpforms-613-field_5\" class=\"wpforms-field-medium\" name=\"wpforms[fields][5]\" aria-errormessage=\"wpforms-613-field_5-error\" ><\/div><div id=\"wpforms-613-field_3-container\" class=\"wpforms-field wpforms-field-select wpforms-field-select-style-classic\" data-field-id=\"3\"><label class=\"wpforms-field-label\" for=\"wpforms-613-field_3\">Temat kontaktu <span class=\"wpforms-required-label\" aria-hidden=\"true\">*<\/span><\/label><select id=\"wpforms-613-field_3\" class=\"wpforms-field-medium wpforms-field-required\" name=\"wpforms[fields][3]\" required=\"required\"><option value=\"\" class=\"placeholder\" disabled  selected='selected'>&#8212; Wska\u017c opcj\u0119 do wyboru &#8212;<\/option><option value=\"Zapytanie ofertowe\"  class=\"choice-1 depth-1\"  >Zapytanie ofertowe<\/option><option value=\"Zam\u00f3wienie\"  class=\"choice-2 depth-1\"  >Zam\u00f3wienie<\/option><option value=\"Zostawienie wizyt\u00f3wki\"  class=\"choice-3 depth-1\"  >Zostawienie wizyt\u00f3wki<\/option><\/select><\/div>\t\t<div id=\"wpforms-613-field_6-container\"\n\t\t\tclass=\"wpforms-field wpforms-field-text\"\n\t\t\tdata-field-type=\"text\"\n\t\t\tdata-field-id=\"6\"\n\t\t\t>\n\t\t\t<label class=\"wpforms-field-label\" for=\"wpforms-613-field_6\" >Numer e-mail Adres<\/label>\n\t\t\t<input type=\"text\" id=\"wpforms-613-field_6\" class=\"wpforms-field-medium\" name=\"wpforms[fields][6]\" >\n\t\t<\/div>\n\t\t<div id=\"wpforms-613-field_4-container\" class=\"wpforms-field wpforms-field-textarea\" data-field-id=\"4\"><label class=\"wpforms-field-label\" for=\"wpforms-613-field_4\">Nawi\u0105\u017c do wybranego kontaktu <span class=\"wpforms-required-label\" aria-hidden=\"true\">*<\/span><\/label><textarea id=\"wpforms-613-field_4\" class=\"wpforms-field-medium wpforms-field-required\" name=\"wpforms[fields][4]\" aria-errormessage=\"wpforms-613-field_4-error\" required><\/textarea><\/div><script>\n\t\t\t\t( function() {\n\t\t\t\t\tconst style = document.createElement( 'style' );\n\t\t\t\t\tstyle.appendChild( document.createTextNode( '#wpforms-613-field_6-container { position: absolute !important; overflow: hidden !important; display: inline !important; height: 1px !important; width: 1px !important; z-index: -1000 !important; padding: 0 !important; } #wpforms-613-field_6-container input { visibility: hidden; } #wpforms-conversational-form-page #wpforms-613-field_6-container label { counter-increment: none; }' ) );\n\t\t\t\t\tdocument.head.appendChild( style );\n\t\t\t\t\tdocument.currentScript?.remove();\n\t\t\t\t} )();\n\t\t\t<\/script><\/div><!-- .wpforms-field-container --><div class=\"wpforms-submit-container\" ><input type=\"hidden\" name=\"wpforms[id]\" value=\"613\"><input type=\"hidden\" name=\"page_title\" value=\"\"><input type=\"hidden\" name=\"page_url\" value=\"https:\/\/jg-plastic.com\/index.php?rest_route=\/wp\/v2\/pages\/543\"><input type=\"hidden\" name=\"url_referer\" value=\"\"><button type=\"submit\" name=\"wpforms[submit]\" id=\"wpforms-submit-613\" class=\"wpforms-submit\" data-alt-text=\"Wysy\u0142anie...\" data-submit-text=\"Prze\u015blij\" aria-live=\"assertive\" value=\"wpforms-submit\">Prze\u015blij<\/button><img decoding=\"async\" src=\"https:\/\/jg-plastic.com\/wp-content\/plugins\/wpforms-lite\/assets\/images\/submit-spin.svg\" class=\"wpforms-submit-spinner\" style=\"display: none;\" width=\"26\" height=\"26\" alt=\"Wczytywanie\"><\/div><\/form><\/div>  <!-- .wpforms-container -->","protected":false},"excerpt":{"rendered":"","protected":false},"author":1,"featured_media":0,"parent":0,"menu_order":0,"comment_status":"closed","ping_status":"closed","template":"","meta":{"saved_in_kubio":false,"site-sidebar-layout":"default","site-content-layout":"","ast-site-content-layout":"default","site-content-style":"default","site-sidebar-style":"default","ast-global-header-display":"","ast-banner-title-visibility":"","ast-main-header-display":"","ast-hfb-above-header-display":"","ast-hfb-below-header-display":"","ast-hfb-mobile-header-display":"","site-post-title":"","ast-breadcrumbs-content":"","ast-featured-img":"","footer-sml-layout":"","theme-transparent-header-meta":"","adv-header-id-meta":"","stick-header-meta":"","header-above-stick-meta":"","header-main-stick-meta":"","header-below-stick-meta":"","astra-migrate-meta-layouts":"default","ast-page-background-enabled":"default","ast-page-background-meta":{"desktop":{"background-color":"var(--ast-global-color-5)","background-image":"","background-repeat":"repeat","background-position":"center center","background-size":"auto","background-attachment":"scroll","background-type":"","background-media":"","overlay-type":"","overlay-color":"","overlay-opacity":"","overlay-gradient":""},"tablet":{"background-color":"","background-image":"","background-repeat":"repeat","background-position":"center center","background-size":"auto","background-attachment":"scroll","background-type":"","background-media":"","overlay-type":"","overlay-color":"","overlay-opacity":"","overlay-gradient":""},"mobile":{"background-color":"","background-image":"","background-repeat":"repeat","background-position":"center center","background-size":"auto","background-attachment":"scroll","background-type":"","background-media":"","overlay-type":"","overlay-color":"","overlay-opacity":"","overlay-gradient":""}},"ast-content-background-meta":{"desktop":{"background-color":"var(--ast-global-color-4)","background-image":"","background-repeat":"repeat","background-position":"center center","background-size":"auto","background-attachment":"scroll","background-type":"","background-media":"","overlay-type":"","overlay-color":"","overlay-opacity":"","overlay-gradient":""},"tablet":{"background-color":"var(--ast-global-color-4)","background-image":"","background-repeat":"repeat","background-position":"center center","background-size":"auto","background-attachment":"scroll","background-type":"","background-media":"","overlay-type":"","overlay-color":"","overlay-opacity":"","overlay-gradient":""},"mobile":{"background-color":"var(--ast-global-color-4)","background-image":"","background-repeat":"repeat","background-position":"center center","background-size":"auto","background-attachment":"scroll","background-type":"","background-media":"","overlay-type":"","overlay-color":"","overlay-opacity":"","overlay-gradient":""}},"_themeisle_gutenberg_block_has_review":false,"footnotes":""},"class_list":["post-543","page","type-page","status-publish","hentry"],"kubio_ai_page_context":{"short_desc":"","purpose":"general"},"yoast_head":"<!-- This site is optimized with the Yoast SEO plugin v26.1.1 - https:\/\/yoast.com\/wordpress\/plugins\/seo\/ -->\n<title>Zam\u00f3wienia i Kontakt - JG-Plastic<\/title>\n<meta name=\"robots\" content=\"index, follow, max-snippet:-1, max-image-preview:large, max-video-preview:-1\" \/>\n<link rel=\"canonical\" href=\"https:\/\/jg-plastic.com\/?page_id=543\" \/>\n<meta property=\"og:locale\" content=\"pl_PL\" \/>\n<meta property=\"og:type\" content=\"article\" \/>\n<meta property=\"og:title\" content=\"Zam\u00f3wienia i Kontakt - JG-Plastic\" \/>\n<meta property=\"og:url\" content=\"https:\/\/jg-plastic.com\/?page_id=543\" \/>\n<meta property=\"og:site_name\" content=\"JG-Plastic\" \/>\n<meta property=\"article:modified_time\" content=\"2025-11-14T20:23:51+00:00\" \/>\n<script type=\"application\/ld+json\" class=\"yoast-schema-graph\">{\"@context\":\"https:\/\/schema.org\",\"@graph\":[{\"@type\":\"WebPage\",\"@id\":\"https:\/\/jg-plastic.com\/?page_id=543\",\"url\":\"https:\/\/jg-plastic.com\/?page_id=543\",\"name\":\"Zam\u00f3wienia i Kontakt - JG-Plastic\",\"isPartOf\":{\"@id\":\"https:\/\/jg-plastic.com\/#website\"},\"datePublished\":\"2025-11-14T17:54:18+00:00\",\"dateModified\":\"2025-11-14T20:23:51+00:00\",\"breadcrumb\":{\"@id\":\"https:\/\/jg-plastic.com\/?page_id=543#breadcrumb\"},\"inLanguage\":\"pl-PL\",\"potentialAction\":[{\"@type\":\"ReadAction\",\"target\":[\"https:\/\/jg-plastic.com\/?page_id=543\"]}]},{\"@type\":\"BreadcrumbList\",\"@id\":\"https:\/\/jg-plastic.com\/?page_id=543#breadcrumb\",\"itemListElement\":[{\"@type\":\"ListItem\",\"position\":1,\"name\":\"Home\",\"item\":\"https:\/\/jg-plastic.com\/\"},{\"@type\":\"ListItem\",\"position\":2,\"name\":\"Zam\u00f3wienia i Kontakt\"}]},{\"@type\":\"WebSite\",\"@id\":\"https:\/\/jg-plastic.com\/#website\",\"url\":\"https:\/\/jg-plastic.com\/\",\"name\":\"JG-Plastic\",\"description\":\"\",\"publisher\":{\"@id\":\"https:\/\/jg-plastic.com\/#organization\"},\"potentialAction\":[{\"@type\":\"SearchAction\",\"target\":{\"@type\":\"EntryPoint\",\"urlTemplate\":\"https:\/\/jg-plastic.com\/?s={search_term_string}\"},\"query-input\":{\"@type\":\"PropertyValueSpecification\",\"valueRequired\":true,\"valueName\":\"search_term_string\"}}],\"inLanguage\":\"pl-PL\"},{\"@type\":\"Organization\",\"@id\":\"https:\/\/jg-plastic.com\/#organization\",\"name\":\"JG-Plastic\",\"url\":\"https:\/\/jg-plastic.com\/\",\"logo\":{\"@type\":\"ImageObject\",\"inLanguage\":\"pl-PL\",\"@id\":\"https:\/\/jg-plastic.com\/#\/schema\/logo\/image\/\",\"url\":\"https:\/\/jg-plastic.com\/wp-content\/uploads\/2025\/11\/cropped-ChatGPT-Image-16-lis-2025-10_29_02.png\",\"contentUrl\":\"https:\/\/jg-plastic.com\/wp-content\/uploads\/2025\/11\/cropped-ChatGPT-Image-16-lis-2025-10_29_02.png\",\"width\":1535,\"height\":512,\"caption\":\"JG-Plastic\"},\"image\":{\"@id\":\"https:\/\/jg-plastic.com\/#\/schema\/logo\/image\/\"}}]}<\/script>\n<!-- \/ Yoast SEO plugin. -->","yoast_head_json":{"title":"Zam\u00f3wienia i Kontakt - JG-Plastic","robots":{"index":"index","follow":"follow","max-snippet":"max-snippet:-1","max-image-preview":"max-image-preview:large","max-video-preview":"max-video-preview:-1"},"canonical":"https:\/\/jg-plastic.com\/?page_id=543","og_locale":"pl_PL","og_type":"article","og_title":"Zam\u00f3wienia i Kontakt - JG-Plastic","og_url":"https:\/\/jg-plastic.com\/?page_id=543","og_site_name":"JG-Plastic","article_modified_time":"2025-11-14T20:23:51+00:00","schema":{"@context":"https:\/\/schema.org","@graph":[{"@type":"WebPage","@id":"https:\/\/jg-plastic.com\/?page_id=543","url":"https:\/\/jg-plastic.com\/?page_id=543","name":"Zam\u00f3wienia i Kontakt - JG-Plastic","isPartOf":{"@id":"https:\/\/jg-plastic.com\/#website"},"datePublished":"2025-11-14T17:54:18+00:00","dateModified":"2025-11-14T20:23:51+00:00","breadcrumb":{"@id":"https:\/\/jg-plastic.com\/?page_id=543#breadcrumb"},"inLanguage":"pl-PL","potentialAction":[{"@type":"ReadAction","target":["https:\/\/jg-plastic.com\/?page_id=543"]}]},{"@type":"BreadcrumbList","@id":"https:\/\/jg-plastic.com\/?page_id=543#breadcrumb","itemListElement":[{"@type":"ListItem","position":1,"name":"Home","item":"https:\/\/jg-plastic.com\/"},{"@type":"ListItem","position":2,"name":"Zam\u00f3wienia i Kontakt"}]},{"@type":"WebSite","@id":"https:\/\/jg-plastic.com\/#website","url":"https:\/\/jg-plastic.com\/","name":"JG-Plastic","description":"","publisher":{"@id":"https:\/\/jg-plastic.com\/#organization"},"potentialAction":[{"@type":"SearchAction","target":{"@type":"EntryPoint","urlTemplate":"https:\/\/jg-plastic.com\/?s={search_term_string}"},"query-input":{"@type":"PropertyValueSpecification","valueRequired":true,"valueName":"search_term_string"}}],"inLanguage":"pl-PL"},{"@type":"Organization","@id":"https:\/\/jg-plastic.com\/#organization","name":"JG-Plastic","url":"https:\/\/jg-plastic.com\/","logo":{"@type":"ImageObject","inLanguage":"pl-PL","@id":"https:\/\/jg-plastic.com\/#\/schema\/logo\/image\/","url":"https:\/\/jg-plastic.com\/wp-content\/uploads\/2025\/11\/cropped-ChatGPT-Image-16-lis-2025-10_29_02.png","contentUrl":"https:\/\/jg-plastic.com\/wp-content\/uploads\/2025\/11\/cropped-ChatGPT-Image-16-lis-2025-10_29_02.png","width":1535,"height":512,"caption":"JG-Plastic"},"image":{"@id":"https:\/\/jg-plastic.com\/#\/schema\/logo\/image\/"}}]}},"_links":{"self":[{"href":"https:\/\/jg-plastic.com\/index.php?rest_route=\/wp\/v2\/pages\/543","targetHints":{"allow":["GET"]}}],"collection":[{"href":"https:\/\/jg-plastic.com\/index.php?rest_route=\/wp\/v2\/pages"}],"about":[{"href":"https:\/\/jg-plastic.com\/index.php?rest_route=\/wp\/v2\/types\/page"}],"author":[{"embeddable":true,"href":"https:\/\/jg-plastic.com\/index.php?rest_route=\/wp\/v2\/users\/1"}],"replies":[{"embeddable":true,"href":"https:\/\/jg-plastic.com\/index.php?rest_route=%2Fwp%2Fv2%2Fcomments&post=543"}],"version-history":[{"count":2,"href":"https:\/\/jg-plastic.com\/index.php?rest_route=\/wp\/v2\/pages\/543\/revisions"}],"predecessor-version":[{"id":617,"href":"https:\/\/jg-plastic.com\/index.php?rest_route=\/wp\/v2\/pages\/543\/revisions\/617"}],"wp:attachment":[{"href":"https:\/\/jg-plastic.com\/index.php?rest_route=%2Fwp%2Fv2%2Fmedia&parent=543"}],"curies":[{"name":"wp","href":"https:\/\/api.w.org\/{rel}","templated":true}]}}